{"id":1989,"date":"2025-10-31T15:29:37","date_gmt":"2025-10-31T18:29:37","guid":{"rendered":"https:\/\/www.cimtalca.cl\/?page_id=1989"},"modified":"2025-12-22T13:33:19","modified_gmt":"2025-12-22T16:33:19","slug":"contacto","status":"publish","type":"page","link":"https:\/\/www.cimtalca.cl\/?page_id=1989","title":{"rendered":"Contacto"},"content":{"rendered":"\t\t<div data-elementor-type=\"wp-page\" data-elementor-id=\"1989\" class=\"elementor elementor-1989\">\n\t\t\t\t<div class=\"elementor-element elementor-element-93b9897 e-con-full e-flex e-con e-parent\" data-id=\"93b9897\" data-element_type=\"container\" data-settings=\"{&quot;background_background&quot;:&quot;classic&quot;}\">\n\t\t\t\t<div class=\"elementor-element elementor-element-49ef42f elementor-widget__width-initial elementor-widget-mobile__width-initial elementor-widget elementor-widget-heading\" data-id=\"49ef42f\" data-element_type=\"widget\" data-widget_type=\"heading.default\">\n\t\t\t\t<div class=\"elementor-widget-container\">\n\t\t\t\t\t<h2 class=\"elementor-heading-title elementor-size-default\">Direcci\u00f3n: 30 oriente 1562, of 701, Talca, Chile<\/h2>\t\t\t\t<\/div>\n\t\t\t\t<\/div>\n\t\t\t\t<div class=\"elementor-element elementor-element-1b4a3dc elementor-widget__width-initial elementor-widget-mobile__width-initial elementor-widget elementor-widget-text-editor\" data-id=\"1b4a3dc\" data-element_type=\"widget\" data-widget_type=\"text-editor.default\">\n\t\t\t\t<div class=\"elementor-widget-container\">\n\t\t\t\t\t\t\t\t\t<p><span style=\"color: #008000;\">Correo electr\u00f3nico: admin@cimtalca.cl<\/span><\/p>\t\t\t\t\t\t\t\t<\/div>\n\t\t\t\t<\/div>\n\t\t\t\t<\/div>\n\t\t<div class=\"elementor-element elementor-element-f959c70 e-con-full e-flex e-con e-parent\" data-id=\"f959c70\" data-element_type=\"container\">\n\t\t\t\t<div class=\"elementor-element elementor-element-f37988c elementor-widget__width-initial elementor-widget-mobile__width-initial elementor-widget elementor-widget-text-editor\" data-id=\"f37988c\" data-element_type=\"widget\" data-widget_type=\"text-editor.default\">\n\t\t\t\t<div class=\"elementor-widget-container\">\n\t\t\t\t\t\t\t\t\t<p><span style=\"text-decoration: underline;\"><strong>Horarios<\/strong><\/span><br \/>lunes\u00a0<br \/>martes\u00a0<br \/>mi\u00e9rcoles\u00a0<br \/>jueves\u00a0<br \/>viernes\u00a0<br \/>s\u00e1bado\u00a0<br \/>domingo<\/p>\t\t\t\t\t\t\t\t<\/div>\n\t\t\t\t<\/div>\n\t\t\t\t<div class=\"elementor-element elementor-element-5d0bf43 elementor-widget__width-initial elementor-widget-mobile__width-initial elementor-widget elementor-widget-text-editor\" data-id=\"5d0bf43\" data-element_type=\"widget\" data-widget_type=\"text-editor.default\">\n\t\t\t\t<div class=\"elementor-widget-container\">\n\t\t\t\t\t\t\t\t\t<p><br \/>8:00 &#8211; 17:30 horas<br \/>8:00 &#8211; 17:30 horas<br \/>8:00 &#8211; 17:30 horas<br \/>8:00 &#8211; 17:30 horas<br \/>8:00 &#8211; 16:30 horas<br \/>Cerrado<br \/>Cerrado<\/p>\t\t\t\t\t\t\t\t<\/div>\n\t\t\t\t<\/div>\n\t\t<div class=\"elementor-element elementor-element-3caefe9 e-con-full e-flex e-con e-child\" data-id=\"3caefe9\" data-element_type=\"container\">\n\t\t\t\t<div class=\"elementor-element elementor-element-8daa2c4 elementor-widget__width-initial elementor-widget elementor-widget-google_maps\" data-id=\"8daa2c4\" data-element_type=\"widget\" data-widget_type=\"google_maps.default\">\n\t\t\t\t<div class=\"elementor-widget-container\">\n\t\t\t\t\t\t\t<div class=\"elementor-custom-embed\">\n\t\t\t<iframe loading=\"lazy\"\n\t\t\t\t\tsrc=\"https:\/\/maps.google.com\/maps?q=30%20oriente%201562%2C%20of%20701%2C%20Talca%2C%20Chile%2C%203460000&#038;t=m&#038;z=14&#038;output=embed&#038;iwloc=near\"\n\t\t\t\t\ttitle=\"30 oriente 1562, of 701, Talca, Chile, 3460000\"\n\t\t\t\t\taria-label=\"30 oriente 1562, of 701, Talca, Chile, 3460000\"\n\t\t\t><\/iframe>\n\t\t<\/div>\n\t\t\t\t\t\t<\/div>\n\t\t\t\t<\/div>\n\t\t\t\t<\/div>\n\t\t\t\t<\/div>\n\t\t<div class=\"elementor-element elementor-element-50b9777 e-flex e-con-boxed e-con e-parent\" data-id=\"50b9777\" data-element_type=\"container\" data-settings=\"{&quot;background_background&quot;:&quot;classic&quot;}\">\n\t\t\t\t\t<div class=\"e-con-inner\">\n\t\t\t\t<div class=\"elementor-element elementor-element-2291b6c elementor-widget elementor-widget-heading\" data-id=\"2291b6c\" data-element_type=\"widget\" data-widget_type=\"heading.default\">\n\t\t\t\t<div class=\"elementor-widget-container\">\n\t\t\t\t\t<h2 class=\"elementor-heading-title elementor-size-default\">Profesionales del Centro de Investigaci\u00f3n del Maule\n\n<\/h2>\t\t\t\t<\/div>\n\t\t\t\t<\/div>\n\t\t\t\t\t<\/div>\n\t\t\t\t<\/div>\n\t\t<div class=\"elementor-element elementor-element-239f717 e-flex e-con-boxed e-con e-parent\" data-id=\"239f717\" data-element_type=\"container\" data-settings=\"{&quot;background_background&quot;:&quot;classic&quot;}\">\n\t\t\t\t\t<div class=\"e-con-inner\">\n\t\t\t\t<div class=\"elementor-element elementor-element-e6ecc42 elementor-widget elementor-widget-text-editor\" data-id=\"e6ecc42\" data-element_type=\"widget\" data-widget_type=\"text-editor.default\">\n\t\t\t\t<div class=\"elementor-widget-container\">\n\t\t\t\t\t\t\t\t\t<h6><span style=\"color: #008000;\">N\u00fameros telef\u00f3nicos Agendar Horas<\/span><\/h6>\t\t\t\t\t\t\t\t<\/div>\n\t\t\t\t<\/div>\n\t\t\t\t\t<\/div>\n\t\t\t\t<\/div>\n\t\t<div class=\"elementor-element elementor-element-ef17744 e-grid e-con-boxed e-con e-parent\" data-id=\"ef17744\" data-element_type=\"container\">\n\t\t\t\t\t<div class=\"e-con-inner\">\n\t\t\t\t<div class=\"elementor-element elementor-element-40af8d2 elementor-widget elementor-widget-text-editor\" data-id=\"40af8d2\" data-element_type=\"widget\" data-widget_type=\"text-editor.default\">\n\t\t\t\t<div class=\"elementor-widget-container\">\n\t\t\t\t\t\t\t\t\t<h6><span style=\"color: #7088a4;\">M\u00e9dicos Especialistas<\/span><\/h6><p><strong>Dr. Rafael Silva Orellana<\/strong>, especialista en enfermedades respiratorias.<\/p><p><strong>Dra. Carolina Gonz\u00e1lez Navarro<\/strong>, Medicina Interna.<\/p><p>\u00a0<\/p>\t\t\t\t\t\t\t\t<\/div>\n\t\t\t\t<\/div>\n\t\t\t\t<div class=\"elementor-element elementor-element-d331b93 elementor-widget elementor-widget-text-editor\" data-id=\"d331b93\" data-element_type=\"widget\" data-widget_type=\"text-editor.default\">\n\t\t\t\t<div class=\"elementor-widget-container\">\n\t\t\t\t\t\t\t\t\t<h6><span style=\"color: #7088a4;\">N\u00fameros telef\u00f3nicos para agendar horas.<br \/><\/span><\/h6><p>Para el Dr. Rafael Silva y Dra. Carolina Gonz\u00e1lez<\/p><h6>+569 34017038<\/h6><h6>+569 37016092<\/h6><h6><span style=\"color: #7088a4;\">N\u00famero Fijo<\/span><strong><br \/><\/strong><br \/>+56 71 2 98 12 41\u00a0<\/h6>\t\t\t\t\t\t\t\t<\/div>\n\t\t\t\t<\/div>\n\t\t\t\t<div class=\"elementor-element elementor-element-c361d58 elementor-widget elementor-widget-text-editor\" data-id=\"c361d58\" data-element_type=\"widget\" data-widget_type=\"text-editor.default\">\n\t\t\t\t<div class=\"elementor-widget-container\">\n\t\t\t\t\t\t\t\t\t<h6><span style=\"color: #7088a4;\">Procedimientos para el diagn\u00f3stico de enfermedades respiratorias.<br \/><\/span><br \/><span style=\"color: #808080;\"><span style=\"font-family: Lato, sans-serif; font-size: 16px;\">Espirometr\u00eda, Test cut\u00e1neo, Test de caminata, test m<\/span><span style=\"font-family: Lato, sans-serif; font-size: 16px;\">etacolina, <\/span><span style=\"font-family: Lato, sans-serif; font-size: 16px;\">DLCO<\/span><\/span><\/h6><h6>+569 34017038<br \/>+569 31825574\u00a0<\/h6><h6>+56 71 2 98 12 41\u00a0<\/h6>\t\t\t\t\t\t\t\t<\/div>\n\t\t\t\t<\/div>\n\t\t\t\t\t<\/div>\n\t\t\t\t<\/div>\n\t\t<div class=\"elementor-element elementor-element-d2ea7fa e-flex e-con-boxed e-con e-parent\" data-id=\"d2ea7fa\" data-element_type=\"container\" data-settings=\"{&quot;background_background&quot;:&quot;classic&quot;}\">\n\t\t\t\t\t<div class=\"e-con-inner\">\n\t\t\t\t<div class=\"elementor-element elementor-element-7603753 elementor-widget elementor-widget-heading\" data-id=\"7603753\" data-element_type=\"widget\" data-widget_type=\"heading.default\">\n\t\t\t\t<div class=\"elementor-widget-container\">\n\t\t\t\t\t<h2 class=\"elementor-heading-title elementor-size-default\">Env\u00edanos  tus Consultas <\/h2>\t\t\t\t<\/div>\n\t\t\t\t<\/div>\n\t\t\t\t\t<\/div>\n\t\t\t\t<\/div>\n\t\t<div class=\"elementor-element elementor-element-44aa008 e-flex e-con-boxed e-con e-parent\" data-id=\"44aa008\" data-element_type=\"container\">\n\t\t\t\t\t<div class=\"e-con-inner\">\n\t\t\t\t<div class=\"elementor-element elementor-element-805f72c elementor-widget elementor-widget-wpforms\" data-id=\"805f72c\" data-element_type=\"widget\" data-widget_type=\"wpforms.default\">\n\t\t\t\t<div class=\"elementor-widget-container\">\n\t\t\t\t\t<div class=\"wpforms-container \" id=\"wpforms-2282\"><form id=\"wpforms-form-2282\" class=\"wpforms-validate wpforms-form wpforms-ajax-form\" data-formid=\"2282\" method=\"post\" enctype=\"multipart\/form-data\" action=\"\/index.php?rest_route=%2Fwp%2Fv2%2Fpages%2F1989\" data-token=\"14b37edd09b78d11233478928b3c7067\" data-token-time=\"1777800382\"><noscript class=\"wpforms-error-noscript\">Por favor, activa JavaScript en tu navegador para completar este formulario.<\/noscript><div class=\"wpforms-field-container\"><div id=\"wpforms-2282-field_1-container\" class=\"wpforms-field wpforms-field-name\" data-field-id=\"1\"><label class=\"wpforms-field-label\">Nombre <span class=\"wpforms-required-label\">*<\/span><\/label><div class=\"wpforms-field-row wpforms-field-medium\"><div class=\"wpforms-field-row-block wpforms-first wpforms-one-half\"><input type=\"text\" id=\"wpforms-2282-field_1\" class=\"wpforms-field-name-first wpforms-field-required\" name=\"wpforms[fields][1][first]\" required><label for=\"wpforms-2282-field_1\" class=\"wpforms-field-sublabel after\">Nombre<\/label><\/div><div class=\"wpforms-field-row-block wpforms-one-half\"><input type=\"text\" id=\"wpforms-2282-field_1-last\" class=\"wpforms-field-name-last wpforms-field-required\" name=\"wpforms[fields][1][last]\" required><label for=\"wpforms-2282-field_1-last\" class=\"wpforms-field-sublabel after\">Apellidos<\/label><\/div><\/div><\/div><div id=\"wpforms-2282-field_2-container\" class=\"wpforms-field wpforms-field-email\" data-field-id=\"2\"><label class=\"wpforms-field-label\" for=\"wpforms-2282-field_2\">Correo electr\u00f3nico <span class=\"wpforms-required-label\">*<\/span><\/label><input type=\"email\" id=\"wpforms-2282-field_2\" class=\"wpforms-field-medium wpforms-field-required\" name=\"wpforms[fields][2]\" spellcheck=\"false\" required><\/div>\t\t<div id=\"wpforms-2282-field_4-container\"\n\t\t\tclass=\"wpforms-field wpforms-field-text\"\n\t\t\tdata-field-type=\"text\"\n\t\t\tdata-field-id=\"4\"\n\t\t\t>\n\t\t\t<label class=\"wpforms-field-label\" for=\"wpforms-2282-field_4\" >electr\u00f3nico o mensaje<\/label>\n\t\t\t<input type=\"text\" id=\"wpforms-2282-field_4\" class=\"wpforms-field-medium\" name=\"wpforms[fields][4]\" >\n\t\t<\/div>\n\t\t<div id=\"wpforms-2282-field_3-container\" class=\"wpforms-field wpforms-field-textarea\" data-field-id=\"3\"><label class=\"wpforms-field-label\" for=\"wpforms-2282-field_3\">Comentario o mensaje<\/label><textarea id=\"wpforms-2282-field_3\" class=\"wpforms-field-medium\" name=\"wpforms[fields][3]\" ><\/textarea><\/div><script>\n\t\t\t\t( function() {\n\t\t\t\t\tconst style = document.createElement( 'style' );\n\t\t\t\t\tstyle.appendChild( document.createTextNode( '#wpforms-2282-field_4-container { position: absolute !important; overflow: hidden !important; display: inline !important; height: 1px !important; width: 1px !important; z-index: -1000 !important; padding: 0 !important; } #wpforms-2282-field_4-container input { visibility: hidden; } #wpforms-conversational-form-page #wpforms-2282-field_4-container label { counter-increment: none; }' ) );\n\t\t\t\t\tdocument.head.appendChild( style );\n\t\t\t\t\tdocument.currentScript?.remove();\n\t\t\t\t} )();\n\t\t\t<\/script><\/div><!-- .wpforms-field-container --><div class=\"wpforms-submit-container\" ><input type=\"hidden\" name=\"wpforms[id]\" value=\"2282\"><input type=\"hidden\" name=\"page_title\" value=\"\"><input type=\"hidden\" name=\"page_url\" value=\"https:\/\/www.cimtalca.cl\/index.php?rest_route=\/wp\/v2\/pages\/1989\"><input type=\"hidden\" name=\"url_referer\" value=\"\"><button type=\"submit\" name=\"wpforms[submit]\" id=\"wpforms-submit-2282\" class=\"wpforms-submit\" data-alt-text=\"Enviando...\" data-submit-text=\"Enviar\" aria-live=\"assertive\" value=\"wpforms-submit\">Enviar<\/button><img decoding=\"async\" src=\"https:\/\/www.cimtalca.cl\/wp-content\/plugins\/wpforms-lite\/assets\/images\/submit-spin.svg\" class=\"wpforms-submit-spinner\" style=\"display: none;\" width=\"26\" height=\"26\" alt=\"Cargando\"><\/div><\/form><\/div>  <!-- .wpforms-container -->\t\t\t\t<\/div>\n\t\t\t\t<\/div>\n\t\t\t\t\t<\/div>\n\t\t\t\t<\/div>\n\t\t\t\t<\/div>\n\t\t","protected":false},"excerpt":{"rendered":"<p>Direcci\u00f3n: 30 oriente 1562, of 701, Talca, Chile Correo electr\u00f3nico: admin@cimtalca.cl Horarioslunes\u00a0martes\u00a0mi\u00e9rcoles\u00a0jueves\u00a0viernes\u00a0s\u00e1bado\u00a0domingo 8:00 &#8211; 17:30 horas8:00 &#8211; 17:30 horas8:00 &#8211; 17:30 horas8:00 &#8211; 17:30 horas8:00 &#8211; 16:30 horasCerradoCerrado Profesionales del Centro de Investigaci\u00f3n del Maule N\u00fameros telef\u00f3nicos Agendar Horas M\u00e9dicos<\/p>\n","protected":false},"author":1,"featured_media":0,"parent":0,"menu_order":0,"comment_status":"closed","ping_status":"closed","template":"elementor_theme","meta":{"_joinchat":[],"footnotes":""},"class_list":["post-1989","page","type-page","status-publish","hentry"],"yoast_head":"<!-- This site is optimized with the Yoast SEO plugin v26.2 - https:\/\/yoast.com\/wordpress\/plugins\/seo\/ -->\n<title>Contacto - Centro de Investigaci\u00f3n del Maule<\/title>\n<meta name=\"robots\" content=\"index, follow, max-snippet:-1, max-image-preview:large, max-video-preview:-1\" \/>\n<link rel=\"canonical\" href=\"https:\/\/www.cimtalca.cl\/?page_id=1989\" \/>\n<meta property=\"og:locale\" content=\"es_ES\" \/>\n<meta property=\"og:type\" content=\"article\" \/>\n<meta property=\"og:title\" content=\"Contacto - Centro de Investigaci\u00f3n del Maule\" \/>\n<meta property=\"og:description\" content=\"Direcci\u00f3n: 30 oriente 1562, of 701, Talca, Chile Correo electr\u00f3nico: admin@cimtalca.cl Horarioslunes\u00a0martes\u00a0mi\u00e9rcoles\u00a0jueves\u00a0viernes\u00a0s\u00e1bado\u00a0domingo 8:00 &#8211; 17:30 horas8:00 &#8211; 17:30 horas8:00 &#8211; 17:30 horas8:00 &#8211; 17:30 horas8:00 &#8211; 16:30 horasCerradoCerrado Profesionales del Centro de Investigaci\u00f3n del Maule N\u00fameros telef\u00f3nicos Agendar Horas M\u00e9dicos\" \/>\n<meta property=\"og:url\" content=\"https:\/\/www.cimtalca.cl\/?page_id=1989\" \/>\n<meta property=\"og:site_name\" content=\"Centro de Investigaci\u00f3n del Maule\" \/>\n<meta property=\"article:publisher\" content=\"https:\/\/www.facebook.com\/profile.php?id=100063657606037#\" \/>\n<meta property=\"article:modified_time\" content=\"2025-12-22T16:33:19+00:00\" \/>\n<meta property=\"og:image\" content=\"https:\/\/www.cimtalca.cl\/wp-content\/plugins\/wpforms-lite\/assets\/images\/submit-spin.svg\" \/>\n<meta name=\"twitter:card\" content=\"summary_large_image\" \/>\n<meta name=\"twitter:label1\" content=\"Tiempo estimado de lectura\" \/>\n\t<meta name=\"twitter:data1\" content=\"1 minuto\" \/>\n<script type=\"application\/ld+json\" class=\"yoast-schema-graph\">{\"@context\":\"https:\/\/schema.org\",\"@graph\":[{\"@type\":\"WebPage\",\"@id\":\"https:\/\/www.cimtalca.cl\/?page_id=1989\",\"url\":\"https:\/\/www.cimtalca.cl\/?page_id=1989\",\"name\":\"Contacto - Centro de Investigaci\u00f3n del Maule\",\"isPartOf\":{\"@id\":\"https:\/\/www.cimtalca.cl\/#website\"},\"primaryImageOfPage\":{\"@id\":\"https:\/\/www.cimtalca.cl\/?page_id=1989#primaryimage\"},\"image\":{\"@id\":\"https:\/\/www.cimtalca.cl\/?page_id=1989#primaryimage\"},\"thumbnailUrl\":\"https:\/\/www.cimtalca.cl\/wp-content\/plugins\/wpforms-lite\/assets\/images\/submit-spin.svg\",\"datePublished\":\"2025-10-31T18:29:37+00:00\",\"dateModified\":\"2025-12-22T16:33:19+00:00\",\"breadcrumb\":{\"@id\":\"https:\/\/www.cimtalca.cl\/?page_id=1989#breadcrumb\"},\"inLanguage\":\"es-CL\",\"potentialAction\":[{\"@type\":\"ReadAction\",\"target\":[\"https:\/\/www.cimtalca.cl\/?page_id=1989\"]}]},{\"@type\":\"ImageObject\",\"inLanguage\":\"es-CL\",\"@id\":\"https:\/\/www.cimtalca.cl\/?page_id=1989#primaryimage\",\"url\":\"https:\/\/www.cimtalca.cl\/wp-content\/plugins\/wpforms-lite\/assets\/images\/submit-spin.svg\",\"contentUrl\":\"https:\/\/www.cimtalca.cl\/wp-content\/plugins\/wpforms-lite\/assets\/images\/submit-spin.svg\"},{\"@type\":\"BreadcrumbList\",\"@id\":\"https:\/\/www.cimtalca.cl\/?page_id=1989#breadcrumb\",\"itemListElement\":[{\"@type\":\"ListItem\",\"position\":1,\"name\":\"Portada\",\"item\":\"https:\/\/www.cimtalca.cl\/\"},{\"@type\":\"ListItem\",\"position\":2,\"name\":\"Contacto\"}]},{\"@type\":\"WebSite\",\"@id\":\"https:\/\/www.cimtalca.cl\/#website\",\"url\":\"https:\/\/www.cimtalca.cl\/\",\"name\":\"Centro Investigacion del Maule\",\"description\":\"Centro de investigaci\u00f3n estudios cl\u00ednicos \u00e1rea respiratoria, cardiol\u00f3gica, oncol\u00f3gica y otros \",\"publisher\":{\"@id\":\"https:\/\/www.cimtalca.cl\/#organization\"},\"potentialAction\":[{\"@type\":\"SearchAction\",\"target\":{\"@type\":\"EntryPoint\",\"urlTemplate\":\"https:\/\/www.cimtalca.cl\/?s={search_term_string}\"},\"query-input\":{\"@type\":\"PropertyValueSpecification\",\"valueRequired\":true,\"valueName\":\"search_term_string\"}}],\"inLanguage\":\"es-CL\"},{\"@type\":\"Organization\",\"@id\":\"https:\/\/www.cimtalca.cl\/#organization\",\"name\":\"Centro Investigacion del Maule\",\"url\":\"https:\/\/www.cimtalca.cl\/\",\"logo\":{\"@type\":\"ImageObject\",\"inLanguage\":\"es-CL\",\"@id\":\"https:\/\/www.cimtalca.cl\/#\/schema\/logo\/image\/\",\"url\":\"https:\/\/www.cimtalca.cl\/wp-content\/uploads\/2025\/10\/logo_150.jpg\",\"contentUrl\":\"https:\/\/www.cimtalca.cl\/wp-content\/uploads\/2025\/10\/logo_150.jpg\",\"width\":150,\"height\":129,\"caption\":\"Centro Investigacion del Maule\"},\"image\":{\"@id\":\"https:\/\/www.cimtalca.cl\/#\/schema\/logo\/image\/\"},\"sameAs\":[\"https:\/\/www.facebook.com\/profile.php?id=100063657606037#\",\"https:\/\/www.unensayoparami.org\/es\/sitios\/CIM\"]}]}<\/script>\n<!-- \/ Yoast SEO plugin. -->","yoast_head_json":{"title":"Contacto - Centro de Investigaci\u00f3n del Maule","robots":{"index":"index","follow":"follow","max-snippet":"max-snippet:-1","max-image-preview":"max-image-preview:large","max-video-preview":"max-video-preview:-1"},"canonical":"https:\/\/www.cimtalca.cl\/?page_id=1989","og_locale":"es_ES","og_type":"article","og_title":"Contacto - Centro de Investigaci\u00f3n del Maule","og_description":"Direcci\u00f3n: 30 oriente 1562, of 701, Talca, Chile Correo electr\u00f3nico: admin@cimtalca.cl Horarioslunes\u00a0martes\u00a0mi\u00e9rcoles\u00a0jueves\u00a0viernes\u00a0s\u00e1bado\u00a0domingo 8:00 &#8211; 17:30 horas8:00 &#8211; 17:30 horas8:00 &#8211; 17:30 horas8:00 &#8211; 17:30 horas8:00 &#8211; 16:30 horasCerradoCerrado Profesionales del Centro de Investigaci\u00f3n del Maule N\u00fameros telef\u00f3nicos Agendar Horas M\u00e9dicos","og_url":"https:\/\/www.cimtalca.cl\/?page_id=1989","og_site_name":"Centro de Investigaci\u00f3n del Maule","article_publisher":"https:\/\/www.facebook.com\/profile.php?id=100063657606037#","article_modified_time":"2025-12-22T16:33:19+00:00","og_image":[{"url":"https:\/\/www.cimtalca.cl\/wp-content\/plugins\/wpforms-lite\/assets\/images\/submit-spin.svg","type":"","width":"","height":""}],"twitter_card":"summary_large_image","twitter_misc":{"Tiempo estimado de lectura":"1 minuto"},"schema":{"@context":"https:\/\/schema.org","@graph":[{"@type":"WebPage","@id":"https:\/\/www.cimtalca.cl\/?page_id=1989","url":"https:\/\/www.cimtalca.cl\/?page_id=1989","name":"Contacto - Centro de Investigaci\u00f3n del Maule","isPartOf":{"@id":"https:\/\/www.cimtalca.cl\/#website"},"primaryImageOfPage":{"@id":"https:\/\/www.cimtalca.cl\/?page_id=1989#primaryimage"},"image":{"@id":"https:\/\/www.cimtalca.cl\/?page_id=1989#primaryimage"},"thumbnailUrl":"https:\/\/www.cimtalca.cl\/wp-content\/plugins\/wpforms-lite\/assets\/images\/submit-spin.svg","datePublished":"2025-10-31T18:29:37+00:00","dateModified":"2025-12-22T16:33:19+00:00","breadcrumb":{"@id":"https:\/\/www.cimtalca.cl\/?page_id=1989#breadcrumb"},"inLanguage":"es-CL","potentialAction":[{"@type":"ReadAction","target":["https:\/\/www.cimtalca.cl\/?page_id=1989"]}]},{"@type":"ImageObject","inLanguage":"es-CL","@id":"https:\/\/www.cimtalca.cl\/?page_id=1989#primaryimage","url":"https:\/\/www.cimtalca.cl\/wp-content\/plugins\/wpforms-lite\/assets\/images\/submit-spin.svg","contentUrl":"https:\/\/www.cimtalca.cl\/wp-content\/plugins\/wpforms-lite\/assets\/images\/submit-spin.svg"},{"@type":"BreadcrumbList","@id":"https:\/\/www.cimtalca.cl\/?page_id=1989#breadcrumb","itemListElement":[{"@type":"ListItem","position":1,"name":"Portada","item":"https:\/\/www.cimtalca.cl\/"},{"@type":"ListItem","position":2,"name":"Contacto"}]},{"@type":"WebSite","@id":"https:\/\/www.cimtalca.cl\/#website","url":"https:\/\/www.cimtalca.cl\/","name":"Centro Investigacion del Maule","description":"Centro de investigaci\u00f3n estudios cl\u00ednicos \u00e1rea respiratoria, cardiol\u00f3gica, oncol\u00f3gica y otros ","publisher":{"@id":"https:\/\/www.cimtalca.cl\/#organization"},"potentialAction":[{"@type":"SearchAction","target":{"@type":"EntryPoint","urlTemplate":"https:\/\/www.cimtalca.cl\/?s={search_term_string}"},"query-input":{"@type":"PropertyValueSpecification","valueRequired":true,"valueName":"search_term_string"}}],"inLanguage":"es-CL"},{"@type":"Organization","@id":"https:\/\/www.cimtalca.cl\/#organization","name":"Centro Investigacion del Maule","url":"https:\/\/www.cimtalca.cl\/","logo":{"@type":"ImageObject","inLanguage":"es-CL","@id":"https:\/\/www.cimtalca.cl\/#\/schema\/logo\/image\/","url":"https:\/\/www.cimtalca.cl\/wp-content\/uploads\/2025\/10\/logo_150.jpg","contentUrl":"https:\/\/www.cimtalca.cl\/wp-content\/uploads\/2025\/10\/logo_150.jpg","width":150,"height":129,"caption":"Centro Investigacion del Maule"},"image":{"@id":"https:\/\/www.cimtalca.cl\/#\/schema\/logo\/image\/"},"sameAs":["https:\/\/www.facebook.com\/profile.php?id=100063657606037#","https:\/\/www.unensayoparami.org\/es\/sitios\/CIM"]}]}},"_links":{"self":[{"href":"https:\/\/www.cimtalca.cl\/index.php?rest_route=\/wp\/v2\/pages\/1989","targetHints":{"allow":["GET"]}}],"collection":[{"href":"https:\/\/www.cimtalca.cl\/index.php?rest_route=\/wp\/v2\/pages"}],"about":[{"href":"https:\/\/www.cimtalca.cl\/index.php?rest_route=\/wp\/v2\/types\/page"}],"author":[{"embeddable":true,"href":"https:\/\/www.cimtalca.cl\/index.php?rest_route=\/wp\/v2\/users\/1"}],"replies":[{"embeddable":true,"href":"https:\/\/www.cimtalca.cl\/index.php?rest_route=%2Fwp%2Fv2%2Fcomments&post=1989"}],"version-history":[{"count":110,"href":"https:\/\/www.cimtalca.cl\/index.php?rest_route=\/wp\/v2\/pages\/1989\/revisions"}],"predecessor-version":[{"id":2530,"href":"https:\/\/www.cimtalca.cl\/index.php?rest_route=\/wp\/v2\/pages\/1989\/revisions\/2530"}],"wp:attachment":[{"href":"https:\/\/www.cimtalca.cl\/index.php?rest_route=%2Fwp%2Fv2%2Fmedia&parent=1989"}],"curies":[{"name":"wp","href":"https:\/\/api.w.org\/{rel}","templated":true}]}}