{"id":1960,"date":"2025-10-31T11:39:39","date_gmt":"2025-10-31T14:39:39","guid":{"rendered":"https:\/\/www.cimtalca.cl\/?page_id=1960"},"modified":"2025-11-11T23:46:34","modified_gmt":"2025-11-12T02:46:34","slug":"nosotros","status":"publish","type":"page","link":"https:\/\/www.cimtalca.cl\/?page_id=1960","title":{"rendered":"Nosotros"},"content":{"rendered":"\t\t<div data-elementor-type=\"wp-page\" data-elementor-id=\"1960\" class=\"elementor elementor-1960\">\n\t\t\t\t<div class=\"elementor-element elementor-element-abb85f8 e-flex e-con-boxed e-con e-parent\" data-id=\"abb85f8\" data-element_type=\"container\">\n\t\t\t\t\t<div class=\"e-con-inner\">\n\t\t\t\t<div class=\"elementor-element elementor-element-5cfe3dd elementor-widget elementor-widget-heading\" data-id=\"5cfe3dd\" data-element_type=\"widget\" data-widget_type=\"heading.default\">\n\t\t\t\t<div class=\"elementor-widget-container\">\n\t\t\t\t\t<h2 class=\"elementor-heading-title elementor-size-default\">Centro de Investigaci\u00f3n del Maule (CIM)<\/h2>\t\t\t\t<\/div>\n\t\t\t\t<\/div>\n\t\t\t\t\t<\/div>\n\t\t\t\t<\/div>\n\t\t<div class=\"elementor-element elementor-element-0895d79 e-grid e-con-boxed e-con e-parent\" data-id=\"0895d79\" data-element_type=\"container\">\n\t\t\t\t\t<div class=\"e-con-inner\">\n\t\t\t\t<div class=\"elementor-element elementor-element-1d51b50 elementor-widget elementor-widget-image\" data-id=\"1d51b50\" data-element_type=\"widget\" data-widget_type=\"image.default\">\n\t\t\t\t<div class=\"elementor-widget-container\">\n\t\t\t\t\t\t\t\t\t\t\t\t\t\t\t<img fetchpriority=\"high\" decoding=\"async\" width=\"750\" height=\"563\" src=\"https:\/\/www.cimtalca.cl\/wp-content\/uploads\/2025\/11\/Imagen_Nosotros-1024x769.jpeg\" class=\"attachment-large size-large wp-image-2305\" alt=\"\" srcset=\"https:\/\/www.cimtalca.cl\/wp-content\/uploads\/2025\/11\/Imagen_Nosotros-1024x769.jpeg 1024w, https:\/\/www.cimtalca.cl\/wp-content\/uploads\/2025\/11\/Imagen_Nosotros-300x225.jpeg 300w, https:\/\/www.cimtalca.cl\/wp-content\/uploads\/2025\/11\/Imagen_Nosotros-150x113.jpeg 150w, https:\/\/www.cimtalca.cl\/wp-content\/uploads\/2025\/11\/Imagen_Nosotros-768x577.jpeg 768w, https:\/\/www.cimtalca.cl\/wp-content\/uploads\/2025\/11\/Imagen_Nosotros.jpeg 1280w\" sizes=\"(max-width: 750px) 100vw, 750px\" \/>\t\t\t\t\t\t\t\t\t\t\t\t\t\t\t<\/div>\n\t\t\t\t<\/div>\n\t\t\t\t<div class=\"elementor-element elementor-element-611f685 elementor-widget elementor-widget-text-editor\" data-id=\"611f685\" data-element_type=\"widget\" data-widget_type=\"text-editor.default\">\n\t\t\t\t<div class=\"elementor-widget-container\">\n\t\t\t\t\t\t\t\t\t<p>El Centro de Investigaci\u00f3n del Maule (CIM) es una instituci\u00f3n con m\u00e1s de 20 a\u00f1os de experiencia dedicada a la realizaci\u00f3n de estudios cl\u00ednicos en patolog\u00edas respiratorias, oncol\u00f3gicas, cardiol\u00f3gicas y otras enfermedades prevalentes en adultos. A lo largo de su trayectoria, el centro se ha consolidado como un referente regional y nacional en investigaci\u00f3n m\u00e9dica, destac\u00e1ndose por su rigurosidad cient\u00edfica, \u00e9tica profesional y compromiso con la salud de los pacientes.<\/p><p>El CIM cuenta con un equipo multidisciplinario de m\u00e9dicos investigadores, coordinadores cl\u00ednicos y profesionales de apoyo altamente capacitados, lo que permite garantizar el cumplimiento de los m\u00e1s altos est\u00e1ndares internacionales en la conducci\u00f3n de ensayos cl\u00ednicos.<\/p>\t\t\t\t\t\t\t\t<\/div>\n\t\t\t\t<\/div>\n\t\t\t\t\t<\/div>\n\t\t\t\t<\/div>\n\t\t<div class=\"elementor-element elementor-element-cfbba5a e-flex e-con-boxed e-con e-parent\" data-id=\"cfbba5a\" data-element_type=\"container\">\n\t\t\t\t\t<div class=\"e-con-inner\">\n\t\t\t\t<div class=\"elementor-element elementor-element-521506f elementor-widget elementor-widget-text-editor\" data-id=\"521506f\" data-element_type=\"widget\" data-widget_type=\"text-editor.default\">\n\t\t\t\t<div class=\"elementor-widget-container\">\n\t\t\t\t\t\t\t\t\t<p>Su infraestructura est\u00e1 especialmente dise\u00f1ada para el desarrollo de investigaci\u00f3n en seres humanos, con instalaciones modernas, equipamiento de \u00faltima generaci\u00f3n y sistemas de calidad y seguridad que aseguran la correcta ejecuci\u00f3n de cada protocolo.<\/p><p>Durante dos d\u00e9cadas, el Centro de Investigaci\u00f3n del Maule ha contribuido significativamente al avance cient\u00edfico y al acceso temprano a nuevas terapias y tratamientos innovadores, colaborando con instituciones acad\u00e9micas y redes internacionales de investigaci\u00f3n.<\/p><p>La combinaci\u00f3n de experiencia, competencia t\u00e9cnica y vocaci\u00f3n por la excelencia convierte al CIM en un aliado confiable para el desarrollo de estudios cl\u00ednicos de alta complejidad en el pa\u00eds<\/p>\t\t\t\t\t\t\t\t<\/div>\n\t\t\t\t<\/div>\n\t\t\t\t\t<\/div>\n\t\t\t\t<\/div>\n\t\t<div class=\"elementor-element elementor-element-8060fd6 e-flex e-con-boxed e-con e-parent\" data-id=\"8060fd6\" data-element_type=\"container\">\n\t\t\t\t\t<div class=\"e-con-inner\">\n\t\t\t\t<div class=\"elementor-element elementor-element-18978ad elementor-widget elementor-widget-heading\" data-id=\"18978ad\" data-element_type=\"widget\" data-widget_type=\"heading.default\">\n\t\t\t\t<div class=\"elementor-widget-container\">\n\t\t\t\t\t<h2 class=\"elementor-heading-title elementor-size-default\">Misi\u00f3n<\/h2>\t\t\t\t<\/div>\n\t\t\t\t<\/div>\n\t\t\t\t\t<\/div>\n\t\t\t\t<\/div>\n\t\t<div class=\"elementor-element elementor-element-1a62686 e-flex e-con-boxed e-con e-parent\" data-id=\"1a62686\" data-element_type=\"container\">\n\t\t\t\t\t<div class=\"e-con-inner\">\n\t\t\t\t<div class=\"elementor-element elementor-element-4f961b3 elementor-widget elementor-widget-text-editor\" data-id=\"4f961b3\" data-element_type=\"widget\" data-widget_type=\"text-editor.default\">\n\t\t\t\t<div class=\"elementor-widget-container\">\n\t\t\t\t\t\t\t\t\t<p>Contribuir al avance del conocimiento m\u00e9dico y cient\u00edfico mediante la ejecuci\u00f3n de estudios cl\u00ednicos de alta calidad, \u00e9ticos y centrados en el paciente adulto, en patolog\u00edas respiratorias, oncol\u00f3gicas y cardiol\u00f3gicas. Promovemos la generaci\u00f3n de evidencia que permita mejorar los tratamientos, optimizar la atenci\u00f3n de salud y elevar la calidad de vida de los pacientes, a trav\u00e9s de un equipo multidisciplinario comprometido con la excelencia, la seguridad y la innovaci\u00f3n cient\u00edfica.<\/p>\t\t\t\t\t\t\t\t<\/div>\n\t\t\t\t<\/div>\n\t\t\t\t\t<\/div>\n\t\t\t\t<\/div>\n\t\t<div class=\"elementor-element elementor-element-0710139 e-flex e-con-boxed e-con e-parent\" data-id=\"0710139\" data-element_type=\"container\">\n\t\t\t\t\t<div class=\"e-con-inner\">\n\t\t\t\t<div class=\"elementor-element elementor-element-a2ae4c0 elementor-widget elementor-widget-heading\" data-id=\"a2ae4c0\" data-element_type=\"widget\" data-widget_type=\"heading.default\">\n\t\t\t\t<div class=\"elementor-widget-container\">\n\t\t\t\t\t<h2 class=\"elementor-heading-title elementor-size-default\">Visi\u00f3n<\/h2>\t\t\t\t<\/div>\n\t\t\t\t<\/div>\n\t\t\t\t\t<\/div>\n\t\t\t\t<\/div>\n\t\t<div class=\"elementor-element elementor-element-071bbb7 e-flex e-con-boxed e-con e-parent\" data-id=\"071bbb7\" data-element_type=\"container\">\n\t\t\t\t\t<div class=\"e-con-inner\">\n\t\t\t\t<div class=\"elementor-element elementor-element-8c77fad elementor-widget elementor-widget-text-editor\" data-id=\"8c77fad\" data-element_type=\"widget\" data-widget_type=\"text-editor.default\">\n\t\t\t\t<div class=\"elementor-widget-container\">\n\t\t\t\t\t\t\t\t\t<p>Ser un centro de referencia nacional e internacional en investigaci\u00f3n cl\u00ednica de adultos, reconocido por su rigor cient\u00edfico, compromiso \u00e9tico y aporte al desarrollo de nuevas terapias en las \u00e1reas respiratoria, oncol\u00f3gica, cardiol\u00f3gica y otras. Aspiramos a fortalecer la vinculaci\u00f3n con la comunidad m\u00e9dica, las instituciones de salud y acad\u00e9micas, consolid\u00e1ndonos como un motor de progreso en la medicina basada en evidencia y en la innovaci\u00f3n en salud.<\/p>\t\t\t\t\t\t\t\t<\/div>\n\t\t\t\t<\/div>\n\t\t\t\t\t<\/div>\n\t\t\t\t<\/div>\n\t\t<div class=\"elementor-element elementor-element-bfb2e1e e-flex e-con-boxed e-con e-parent\" data-id=\"bfb2e1e\" data-element_type=\"container\">\n\t\t\t\t\t<div class=\"e-con-inner\">\n\t\t\t\t\t<\/div>\n\t\t\t\t<\/div>\n\t\t\t\t<\/div>\n\t\t","protected":false},"excerpt":{"rendered":"<p>Centro de Investigaci\u00f3n del Maule (CIM) El Centro de Investigaci\u00f3n del Maule (CIM) es una instituci\u00f3n con m\u00e1s de 20 a\u00f1os de experiencia dedicada a la realizaci\u00f3n de estudios cl\u00ednicos en patolog\u00edas respiratorias, oncol\u00f3gicas, cardiol\u00f3gicas y otras enfermedades prevalentes en<\/p>\n","protected":false},"author":1,"featured_media":0,"parent":0,"menu_order":0,"comment_status":"closed","ping_status":"closed","template":"elementor_header_footer","meta":{"_joinchat":[],"footnotes":""},"class_list":["post-1960","page","type-page","status-publish","hentry"],"yoast_head":"<!-- This site is optimized with the Yoast SEO plugin v26.2 - https:\/\/yoast.com\/wordpress\/plugins\/seo\/ -->\n<title>Nosotros - Centro de Investigaci\u00f3n del Maule<\/title>\n<meta name=\"robots\" content=\"index, follow, max-snippet:-1, max-image-preview:large, max-video-preview:-1\" \/>\n<link rel=\"canonical\" href=\"https:\/\/www.cimtalca.cl\/?page_id=1960\" \/>\n<meta property=\"og:locale\" content=\"es_ES\" \/>\n<meta property=\"og:type\" content=\"article\" \/>\n<meta property=\"og:title\" content=\"Nosotros - Centro de Investigaci\u00f3n del Maule\" \/>\n<meta property=\"og:description\" content=\"Centro de Investigaci\u00f3n del Maule (CIM) El Centro de Investigaci\u00f3n del Maule (CIM) es una instituci\u00f3n con m\u00e1s de 20 a\u00f1os de experiencia dedicada a la realizaci\u00f3n de estudios cl\u00ednicos en patolog\u00edas respiratorias, oncol\u00f3gicas, cardiol\u00f3gicas y otras enfermedades prevalentes en\" \/>\n<meta property=\"og:url\" content=\"https:\/\/www.cimtalca.cl\/?page_id=1960\" \/>\n<meta property=\"og:site_name\" content=\"Centro de Investigaci\u00f3n del Maule\" \/>\n<meta property=\"article:publisher\" content=\"https:\/\/www.facebook.com\/profile.php?id=100063657606037#\" \/>\n<meta property=\"article:modified_time\" content=\"2025-11-12T02:46:34+00:00\" \/>\n<meta property=\"og:image\" content=\"https:\/\/www.cimtalca.cl\/wp-content\/uploads\/2025\/11\/Imagen_Nosotros.jpeg\" \/>\n\t<meta property=\"og:image:width\" content=\"1280\" \/>\n\t<meta property=\"og:image:height\" content=\"961\" \/>\n\t<meta property=\"og:image:type\" content=\"image\/jpeg\" \/>\n<meta name=\"twitter:card\" content=\"summary_large_image\" \/>\n<meta name=\"twitter:label1\" content=\"Tiempo estimado de lectura\" \/>\n\t<meta name=\"twitter:data1\" content=\"2 minutos\" \/>\n<script type=\"application\/ld+json\" class=\"yoast-schema-graph\">{\"@context\":\"https:\/\/schema.org\",\"@graph\":[{\"@type\":\"WebPage\",\"@id\":\"https:\/\/www.cimtalca.cl\/?page_id=1960\",\"url\":\"https:\/\/www.cimtalca.cl\/?page_id=1960\",\"name\":\"Nosotros - Centro de Investigaci\u00f3n del Maule\",\"isPartOf\":{\"@id\":\"https:\/\/www.cimtalca.cl\/#website\"},\"primaryImageOfPage\":{\"@id\":\"https:\/\/www.cimtalca.cl\/?page_id=1960#primaryimage\"},\"image\":{\"@id\":\"https:\/\/www.cimtalca.cl\/?page_id=1960#primaryimage\"},\"thumbnailUrl\":\"https:\/\/www.cimtalca.cl\/wp-content\/uploads\/2025\/11\/Imagen_Nosotros-1024x769.jpeg\",\"datePublished\":\"2025-10-31T14:39:39+00:00\",\"dateModified\":\"2025-11-12T02:46:34+00:00\",\"breadcrumb\":{\"@id\":\"https:\/\/www.cimtalca.cl\/?page_id=1960#breadcrumb\"},\"inLanguage\":\"es-CL\",\"potentialAction\":[{\"@type\":\"ReadAction\",\"target\":[\"https:\/\/www.cimtalca.cl\/?page_id=1960\"]}]},{\"@type\":\"ImageObject\",\"inLanguage\":\"es-CL\",\"@id\":\"https:\/\/www.cimtalca.cl\/?page_id=1960#primaryimage\",\"url\":\"https:\/\/www.cimtalca.cl\/wp-content\/uploads\/2025\/11\/Imagen_Nosotros.jpeg\",\"contentUrl\":\"https:\/\/www.cimtalca.cl\/wp-content\/uploads\/2025\/11\/Imagen_Nosotros.jpeg\",\"width\":1280,\"height\":961},{\"@type\":\"BreadcrumbList\",\"@id\":\"https:\/\/www.cimtalca.cl\/?page_id=1960#breadcrumb\",\"itemListElement\":[{\"@type\":\"ListItem\",\"position\":1,\"name\":\"Portada\",\"item\":\"https:\/\/www.cimtalca.cl\/\"},{\"@type\":\"ListItem\",\"position\":2,\"name\":\"Nosotros\"}]},{\"@type\":\"WebSite\",\"@id\":\"https:\/\/www.cimtalca.cl\/#website\",\"url\":\"https:\/\/www.cimtalca.cl\/\",\"name\":\"Centro Investigacion del Maule\",\"description\":\"Centro de investigaci\u00f3n estudios cl\u00ednicos \u00e1rea respiratoria, cardiol\u00f3gica, oncol\u00f3gica y otros \",\"publisher\":{\"@id\":\"https:\/\/www.cimtalca.cl\/#organization\"},\"potentialAction\":[{\"@type\":\"SearchAction\",\"target\":{\"@type\":\"EntryPoint\",\"urlTemplate\":\"https:\/\/www.cimtalca.cl\/?s={search_term_string}\"},\"query-input\":{\"@type\":\"PropertyValueSpecification\",\"valueRequired\":true,\"valueName\":\"search_term_string\"}}],\"inLanguage\":\"es-CL\"},{\"@type\":\"Organization\",\"@id\":\"https:\/\/www.cimtalca.cl\/#organization\",\"name\":\"Centro Investigacion del Maule\",\"url\":\"https:\/\/www.cimtalca.cl\/\",\"logo\":{\"@type\":\"ImageObject\",\"inLanguage\":\"es-CL\",\"@id\":\"https:\/\/www.cimtalca.cl\/#\/schema\/logo\/image\/\",\"url\":\"https:\/\/www.cimtalca.cl\/wp-content\/uploads\/2025\/10\/logo_150.jpg\",\"contentUrl\":\"https:\/\/www.cimtalca.cl\/wp-content\/uploads\/2025\/10\/logo_150.jpg\",\"width\":150,\"height\":129,\"caption\":\"Centro Investigacion del Maule\"},\"image\":{\"@id\":\"https:\/\/www.cimtalca.cl\/#\/schema\/logo\/image\/\"},\"sameAs\":[\"https:\/\/www.facebook.com\/profile.php?id=100063657606037#\",\"https:\/\/www.unensayoparami.org\/es\/sitios\/CIM\"]}]}<\/script>\n<!-- \/ Yoast SEO plugin. -->","yoast_head_json":{"title":"Nosotros - Centro de Investigaci\u00f3n del Maule","robots":{"index":"index","follow":"follow","max-snippet":"max-snippet:-1","max-image-preview":"max-image-preview:large","max-video-preview":"max-video-preview:-1"},"canonical":"https:\/\/www.cimtalca.cl\/?page_id=1960","og_locale":"es_ES","og_type":"article","og_title":"Nosotros - Centro de Investigaci\u00f3n del Maule","og_description":"Centro de Investigaci\u00f3n del Maule (CIM) El Centro de Investigaci\u00f3n del Maule (CIM) es una instituci\u00f3n con m\u00e1s de 20 a\u00f1os de experiencia dedicada a la realizaci\u00f3n de estudios cl\u00ednicos en patolog\u00edas respiratorias, oncol\u00f3gicas, cardiol\u00f3gicas y otras enfermedades prevalentes en","og_url":"https:\/\/www.cimtalca.cl\/?page_id=1960","og_site_name":"Centro de Investigaci\u00f3n del Maule","article_publisher":"https:\/\/www.facebook.com\/profile.php?id=100063657606037#","article_modified_time":"2025-11-12T02:46:34+00:00","og_image":[{"width":1280,"height":961,"url":"https:\/\/www.cimtalca.cl\/wp-content\/uploads\/2025\/11\/Imagen_Nosotros.jpeg","type":"image\/jpeg"}],"twitter_card":"summary_large_image","twitter_misc":{"Tiempo estimado de lectura":"2 minutos"},"schema":{"@context":"https:\/\/schema.org","@graph":[{"@type":"WebPage","@id":"https:\/\/www.cimtalca.cl\/?page_id=1960","url":"https:\/\/www.cimtalca.cl\/?page_id=1960","name":"Nosotros - Centro de Investigaci\u00f3n del Maule","isPartOf":{"@id":"https:\/\/www.cimtalca.cl\/#website"},"primaryImageOfPage":{"@id":"https:\/\/www.cimtalca.cl\/?page_id=1960#primaryimage"},"image":{"@id":"https:\/\/www.cimtalca.cl\/?page_id=1960#primaryimage"},"thumbnailUrl":"https:\/\/www.cimtalca.cl\/wp-content\/uploads\/2025\/11\/Imagen_Nosotros-1024x769.jpeg","datePublished":"2025-10-31T14:39:39+00:00","dateModified":"2025-11-12T02:46:34+00:00","breadcrumb":{"@id":"https:\/\/www.cimtalca.cl\/?page_id=1960#breadcrumb"},"inLanguage":"es-CL","potentialAction":[{"@type":"ReadAction","target":["https:\/\/www.cimtalca.cl\/?page_id=1960"]}]},{"@type":"ImageObject","inLanguage":"es-CL","@id":"https:\/\/www.cimtalca.cl\/?page_id=1960#primaryimage","url":"https:\/\/www.cimtalca.cl\/wp-content\/uploads\/2025\/11\/Imagen_Nosotros.jpeg","contentUrl":"https:\/\/www.cimtalca.cl\/wp-content\/uploads\/2025\/11\/Imagen_Nosotros.jpeg","width":1280,"height":961},{"@type":"BreadcrumbList","@id":"https:\/\/www.cimtalca.cl\/?page_id=1960#breadcrumb","itemListElement":[{"@type":"ListItem","position":1,"name":"Portada","item":"https:\/\/www.cimtalca.cl\/"},{"@type":"ListItem","position":2,"name":"Nosotros"}]},{"@type":"WebSite","@id":"https:\/\/www.cimtalca.cl\/#website","url":"https:\/\/www.cimtalca.cl\/","name":"Centro Investigacion del Maule","description":"Centro de investigaci\u00f3n estudios cl\u00ednicos \u00e1rea respiratoria, cardiol\u00f3gica, oncol\u00f3gica y otros ","publisher":{"@id":"https:\/\/www.cimtalca.cl\/#organization"},"potentialAction":[{"@type":"SearchAction","target":{"@type":"EntryPoint","urlTemplate":"https:\/\/www.cimtalca.cl\/?s={search_term_string}"},"query-input":{"@type":"PropertyValueSpecification","valueRequired":true,"valueName":"search_term_string"}}],"inLanguage":"es-CL"},{"@type":"Organization","@id":"https:\/\/www.cimtalca.cl\/#organization","name":"Centro Investigacion del Maule","url":"https:\/\/www.cimtalca.cl\/","logo":{"@type":"ImageObject","inLanguage":"es-CL","@id":"https:\/\/www.cimtalca.cl\/#\/schema\/logo\/image\/","url":"https:\/\/www.cimtalca.cl\/wp-content\/uploads\/2025\/10\/logo_150.jpg","contentUrl":"https:\/\/www.cimtalca.cl\/wp-content\/uploads\/2025\/10\/logo_150.jpg","width":150,"height":129,"caption":"Centro Investigacion del Maule"},"image":{"@id":"https:\/\/www.cimtalca.cl\/#\/schema\/logo\/image\/"},"sameAs":["https:\/\/www.facebook.com\/profile.php?id=100063657606037#","https:\/\/www.unensayoparami.org\/es\/sitios\/CIM"]}]}},"_links":{"self":[{"href":"https:\/\/www.cimtalca.cl\/index.php?rest_route=\/wp\/v2\/pages\/1960","targetHints":{"allow":["GET"]}}],"collection":[{"href":"https:\/\/www.cimtalca.cl\/index.php?rest_route=\/wp\/v2\/pages"}],"about":[{"href":"https:\/\/www.cimtalca.cl\/index.php?rest_route=\/wp\/v2\/types\/page"}],"author":[{"embeddable":true,"href":"https:\/\/www.cimtalca.cl\/index.php?rest_route=\/wp\/v2\/users\/1"}],"replies":[{"embeddable":true,"href":"https:\/\/www.cimtalca.cl\/index.php?rest_route=%2Fwp%2Fv2%2Fcomments&post=1960"}],"version-history":[{"count":44,"href":"https:\/\/www.cimtalca.cl\/index.php?rest_route=\/wp\/v2\/pages\/1960\/revisions"}],"predecessor-version":[{"id":2386,"href":"https:\/\/www.cimtalca.cl\/index.php?rest_route=\/wp\/v2\/pages\/1960\/revisions\/2386"}],"wp:attachment":[{"href":"https:\/\/www.cimtalca.cl\/index.php?rest_route=%2Fwp%2Fv2%2Fmedia&parent=1960"}],"curies":[{"name":"wp","href":"https:\/\/api.w.org\/{rel}","templated":true}]}}