{"id":1373,"date":"2025-10-30T10:06:06","date_gmt":"2025-10-30T13:06:06","guid":{"rendered":"https:\/\/www.cimtalca.cl\/?page_id=1373"},"modified":"2026-01-01T13:40:26","modified_gmt":"2026-01-01T16:40:26","slug":"inicio","status":"publish","type":"page","link":"https:\/\/www.cimtalca.cl\/","title":{"rendered":"Inicio"},"content":{"rendered":"\t\t<div data-elementor-type=\"wp-page\" data-elementor-id=\"1373\" class=\"elementor elementor-1373\">\n\t\t\t\t<div class=\"elementor-element elementor-element-552b896 e-flex e-con-boxed e-con e-parent\" data-id=\"552b896\" data-element_type=\"container\">\n\t\t\t\t\t<div class=\"e-con-inner\">\n\t\t<div class=\"elementor-element elementor-element-3a821fc e-con-full e-flex e-con e-child\" data-id=\"3a821fc\" data-element_type=\"container\">\n\t\t\t\t<div class=\"elementor-element elementor-element-dac8b54 elementor-widget elementor-widget-heading\" data-id=\"dac8b54\" data-element_type=\"widget\" data-widget_type=\"heading.default\">\n\t\t\t\t<div class=\"elementor-widget-container\">\n\t\t\t\t\t<h2 class=\"elementor-heading-title elementor-size-default\">Nuestro compromiso con la investigaci\u00f3n m\u00e9dica<\/h2>\t\t\t\t<\/div>\n\t\t\t\t<\/div>\n\t\t\t\t<\/div>\n\t\t<div class=\"elementor-element elementor-element-fdbd892 e-con-full e-flex e-con e-child\" data-id=\"fdbd892\" data-element_type=\"container\">\n\t\t\t\t<div class=\"elementor-element elementor-element-3193883 elementor-widget elementor-widget-text-editor\" data-id=\"3193883\" data-element_type=\"widget\" data-widget_type=\"text-editor.default\">\n\t\t\t\t<div class=\"elementor-widget-container\">\n\t\t\t\t\t\t\t\t\t<p>Con m\u00e1s de 20 a\u00f1os de experiencia, nuestro centro realiza estudios cl\u00ednicos en diversas patolog\u00edas, impulsando el avance de la medicina y mejorando la calidad de vida de los pacientes a trav\u00e9s de la investigaci\u00f3n cient\u00edfica.<\/p>\t\t\t\t\t\t\t\t<\/div>\n\t\t\t\t<\/div>\n\t\t\t\t<\/div>\n\t\t\t\t\t<\/div>\n\t\t\t\t<\/div>\n\t\t<div class=\"elementor-element elementor-element-deb028b e-flex e-con-boxed e-con e-parent\" data-id=\"deb028b\" data-element_type=\"container\">\n\t\t\t\t\t<div class=\"e-con-inner\">\n\t\t<div class=\"elementor-element elementor-element-45a0b75 e-con-full e-flex e-con e-child\" data-id=\"45a0b75\" data-element_type=\"container\">\n\t\t\t\t<div class=\"elementor-element elementor-element-077117d elementor-widget elementor-widget-image\" data-id=\"077117d\" data-element_type=\"widget\" data-widget_type=\"image.default\">\n\t\t\t\t<div class=\"elementor-widget-container\">\n\t\t\t\t\t\t\t\t\t\t\t\t\t\t\t<img fetchpriority=\"high\" decoding=\"async\" width=\"978\" height=\"978\" src=\"https:\/\/www.cimtalca.cl\/wp-content\/uploads\/2025\/11\/investigacion-medica-6.jpeg\" class=\"attachment-large size-large wp-image-2403\" alt=\"\" srcset=\"https:\/\/www.cimtalca.cl\/wp-content\/uploads\/2025\/11\/investigacion-medica-6.jpeg 1024w, https:\/\/www.cimtalca.cl\/wp-content\/uploads\/2025\/11\/investigacion-medica-6-300x300.jpeg 300w, https:\/\/www.cimtalca.cl\/wp-content\/uploads\/2025\/11\/investigacion-medica-6-150x150.jpeg 150w, https:\/\/www.cimtalca.cl\/wp-content\/uploads\/2025\/11\/investigacion-medica-6-768x768.jpeg 768w, https:\/\/www.cimtalca.cl\/wp-content\/uploads\/2025\/11\/investigacion-medica-6-270x270.jpeg 270w, https:\/\/www.cimtalca.cl\/wp-content\/uploads\/2025\/11\/investigacion-medica-6-230x230.jpeg 230w\" sizes=\"(max-width: 978px) 100vw, 978px\" \/>\t\t\t\t\t\t\t\t\t\t\t\t\t\t\t<\/div>\n\t\t\t\t<\/div>\n\t\t\t\t<\/div>\n\t\t<div class=\"elementor-element elementor-element-0a01368 e-con-full e-flex e-con e-child\" data-id=\"0a01368\" data-element_type=\"container\">\n\t\t\t\t<div class=\"elementor-element elementor-element-037ad76 elementor-widget elementor-widget-image\" data-id=\"037ad76\" data-element_type=\"widget\" data-widget_type=\"image.default\">\n\t\t\t\t<div class=\"elementor-widget-container\">\n\t\t\t\t\t\t\t\t\t\t\t\t\t\t\t<img decoding=\"async\" width=\"978\" height=\"978\" src=\"https:\/\/www.cimtalca.cl\/wp-content\/uploads\/2025\/11\/investigacion-medica-11.jpeg\" class=\"attachment-large size-large wp-image-2406\" alt=\"\" srcset=\"https:\/\/www.cimtalca.cl\/wp-content\/uploads\/2025\/11\/investigacion-medica-11.jpeg 1024w, https:\/\/www.cimtalca.cl\/wp-content\/uploads\/2025\/11\/investigacion-medica-11-300x300.jpeg 300w, https:\/\/www.cimtalca.cl\/wp-content\/uploads\/2025\/11\/investigacion-medica-11-150x150.jpeg 150w, https:\/\/www.cimtalca.cl\/wp-content\/uploads\/2025\/11\/investigacion-medica-11-768x768.jpeg 768w, https:\/\/www.cimtalca.cl\/wp-content\/uploads\/2025\/11\/investigacion-medica-11-270x270.jpeg 270w, https:\/\/www.cimtalca.cl\/wp-content\/uploads\/2025\/11\/investigacion-medica-11-230x230.jpeg 230w\" sizes=\"(max-width: 978px) 100vw, 978px\" \/>\t\t\t\t\t\t\t\t\t\t\t\t\t\t\t<\/div>\n\t\t\t\t<\/div>\n\t\t\t\t<\/div>\n\t\t<div class=\"elementor-element elementor-element-0d78641 e-con-full e-flex e-con e-child\" data-id=\"0d78641\" data-element_type=\"container\">\n\t\t\t\t<div class=\"elementor-element elementor-element-4567865 elementor-widget elementor-widget-image\" data-id=\"4567865\" data-element_type=\"widget\" data-widget_type=\"image.default\">\n\t\t\t\t<div class=\"elementor-widget-container\">\n\t\t\t\t\t\t\t\t\t\t\t\t\t\t\t<img decoding=\"async\" width=\"978\" height=\"978\" src=\"https:\/\/www.cimtalca.cl\/wp-content\/uploads\/2025\/11\/investigacion-medica-9.jpeg\" class=\"attachment-large size-large wp-image-2405\" alt=\"\" srcset=\"https:\/\/www.cimtalca.cl\/wp-content\/uploads\/2025\/11\/investigacion-medica-9.jpeg 1024w, https:\/\/www.cimtalca.cl\/wp-content\/uploads\/2025\/11\/investigacion-medica-9-300x300.jpeg 300w, https:\/\/www.cimtalca.cl\/wp-content\/uploads\/2025\/11\/investigacion-medica-9-150x150.jpeg 150w, https:\/\/www.cimtalca.cl\/wp-content\/uploads\/2025\/11\/investigacion-medica-9-768x768.jpeg 768w, https:\/\/www.cimtalca.cl\/wp-content\/uploads\/2025\/11\/investigacion-medica-9-270x270.jpeg 270w, https:\/\/www.cimtalca.cl\/wp-content\/uploads\/2025\/11\/investigacion-medica-9-230x230.jpeg 230w\" sizes=\"(max-width: 978px) 100vw, 978px\" \/>\t\t\t\t\t\t\t\t\t\t\t\t\t\t\t<\/div>\n\t\t\t\t<\/div>\n\t\t\t\t<\/div>\n\t\t\t\t\t<\/div>\n\t\t\t\t<\/div>\n\t\t<div class=\"elementor-element elementor-element-8f372d8 e-flex e-con-boxed e-con e-parent\" data-id=\"8f372d8\" data-element_type=\"container\">\n\t\t\t\t\t<div class=\"e-con-inner\">\n\t\t<div class=\"elementor-element elementor-element-9fc7e4e e-con-full e-flex e-con e-child\" data-id=\"9fc7e4e\" data-element_type=\"container\">\n\t\t\t\t<div class=\"elementor-element elementor-element-138030d elementor-widget elementor-widget-heading\" data-id=\"138030d\" data-element_type=\"widget\" data-widget_type=\"heading.default\">\n\t\t\t\t<div class=\"elementor-widget-container\">\n\t\t\t\t\t<h2 class=\"elementor-heading-title elementor-size-default\">Servicios<\/h2>\t\t\t\t<\/div>\n\t\t\t\t<\/div>\n\t\t\t\t<\/div>\n\t\t\t\t\t<\/div>\n\t\t\t\t<\/div>\n\t\t<div class=\"elementor-element elementor-element-144ceca e-flex e-con-boxed e-con e-parent\" data-id=\"144ceca\" data-element_type=\"container\">\n\t\t\t\t\t<div class=\"e-con-inner\">\n\t\t<div class=\"elementor-element elementor-element-610f2bf e-con-full e-flex e-con e-child\" data-id=\"610f2bf\" data-element_type=\"container\">\n\t\t\t\t<div class=\"elementor-element elementor-element-754a902 elementor-widget elementor-widget-text-editor\" data-id=\"754a902\" data-element_type=\"widget\" data-widget_type=\"text-editor.default\">\n\t\t\t\t<div class=\"elementor-widget-container\">\n\t\t\t\t\t\t\t\t\t<ul><li style=\"text-align: left;\"><h6>Realizaci\u00f3n de ensayos cl\u00ednicos en distintas enfermedades<\/h6><\/li><li style=\"text-align: left;\"><h6>Ensayos Cl\u00ednicos en Vacunas.<\/h6><\/li><li style=\"text-align: left;\"><h6>Estudios de funci\u00f3n pulmonar como apoyo diagnostico, en enfermedades respiratorias.<\/h6><\/li><\/ul>\t\t\t\t\t\t\t\t<\/div>\n\t\t\t\t<\/div>\n\t\t\t\t<\/div>\n\t\t\t\t\t<\/div>\n\t\t\t\t<\/div>\n\t\t<div class=\"elementor-element elementor-element-73a728a e-flex e-con-boxed e-con e-parent\" data-id=\"73a728a\" data-element_type=\"container\">\n\t\t\t\t\t<div class=\"e-con-inner\">\n\t\t\t\t<div class=\"elementor-element elementor-element-d847cb2 elementor-widget elementor-widget-heading\" data-id=\"d847cb2\" data-element_type=\"widget\" data-widget_type=\"heading.default\">\n\t\t\t\t<div class=\"elementor-widget-container\">\n\t\t\t\t\t<h2 class=\"elementor-heading-title elementor-size-default\">Ponte en contacto con nosotros<\/h2>\t\t\t\t<\/div>\n\t\t\t\t<\/div>\n\t\t\t\t\t<\/div>\n\t\t\t\t<\/div>\n\t\t<div class=\"elementor-element elementor-element-b18ce47 e-flex e-con-boxed e-con e-parent\" data-id=\"b18ce47\" data-element_type=\"container\">\n\t\t\t\t\t<div class=\"e-con-inner\">\n\t\t\t\t<div class=\"elementor-element elementor-element-ed99920 elementor-widget elementor-widget-text-editor\" data-id=\"ed99920\" data-element_type=\"widget\" data-widget_type=\"text-editor.default\">\n\t\t\t\t<div class=\"elementor-widget-container\">\n\t\t\t\t\t\t\t\t\t<ul><li>Si tienes una enfermedad respiratoria, como enfermedad\u00a0 pulmonar obstructiva cr\u00f3nica\u00a0 (EPOC), Asma bronquial, Fibrosis pulmonar, Bronquiectasias, Rinitis al\u00e9rgica, P\u00f3lipos nasales, cont\u00e1ctanos para consultas sobre participaci\u00f3n y tratamiento de tu enfermedad. <br \/><br \/><\/li><li>Si requieres de atenci\u00f3n\u00a0 por especialista broncopulmonar (Dr. Rafael Silva Orellana)<br \/>Especialista en Medicina Interna (Dra. Carolina Gonz\u00e1lez Navarro) <br \/><br \/><\/li><li>Si requieres de la realizaci\u00f3n de ex\u00e1menes de funci\u00f3n pulmonar:<br \/>\u2013 Espirometria<br \/>\u2013 Test de metacolina<br \/>\u2013 Test de caminata<br \/>\u2013 Test cut\u00e1neo<br \/>\u2013 DLCO (difusi\u00f3n con mon\u00f3xido de carbono)<br \/>\u2013 Pletismografia<br \/>&#8211; FENO<\/li><\/ul>\t\t\t\t\t\t\t\t<\/div>\n\t\t\t\t<\/div>\n\t\t\t\t\t<\/div>\n\t\t\t\t<\/div>\n\t\t<div class=\"elementor-element elementor-element-ee9759a e-flex e-con-boxed e-con e-parent\" data-id=\"ee9759a\" data-element_type=\"container\">\n\t\t\t\t\t<div class=\"e-con-inner\">\n\t\t\t\t<div class=\"elementor-element elementor-element-070d9d5 elementor-widget elementor-widget-heading\" data-id=\"070d9d5\" data-element_type=\"widget\" data-widget_type=\"heading.default\">\n\t\t\t\t<div class=\"elementor-widget-container\">\n\t\t\t\t\t<h2 class=\"elementor-heading-title elementor-size-default\">Equipo multidisciplinario del Centro de Investigaci\u00f3n del Maule<\/h2>\t\t\t\t<\/div>\n\t\t\t\t<\/div>\n\t\t\t\t\t<\/div>\n\t\t\t\t<\/div>\n\t\t<div class=\"elementor-element elementor-element-d132870 e-flex e-con-boxed e-con e-parent\" data-id=\"d132870\" data-element_type=\"container\">\n\t\t\t\t\t<div class=\"e-con-inner\">\n\t\t\t\t<div class=\"elementor-element elementor-element-c45faba elementor-widget elementor-widget-text-editor\" data-id=\"c45faba\" data-element_type=\"widget\" data-widget_type=\"text-editor.default\">\n\t\t\t\t<div class=\"elementor-widget-container\">\n\t\t\t\t\t\t\t\t\t<p>M\u00e9dicos Especialistas (Investigadores principales, Subinvestigadores).<br \/>Coordinadoras de estudios cl\u00ednicos (Enfermeras).<br \/>Encargada de Regulatorio y normativa nacional en investigaci\u00f3n.<br \/>Ingeniero\u00a0<br \/>Secretarias\u00a0\u00a0<\/p>\t\t\t\t\t\t\t\t<\/div>\n\t\t\t\t<\/div>\n\t\t\t\t\t<\/div>\n\t\t\t\t<\/div>\n\t\t<div class=\"elementor-element elementor-element-0ae4cb2 e-flex e-con-boxed e-con e-parent\" data-id=\"0ae4cb2\" data-element_type=\"container\">\n\t\t\t\t\t<div class=\"e-con-inner\">\n\t\t<div class=\"elementor-element elementor-element-e969da5 e-con-full e-flex e-con e-child\" data-id=\"e969da5\" data-element_type=\"container\">\n\t\t\t\t<div class=\"elementor-element elementor-element-0308e37 elementor-widget elementor-widget-image\" data-id=\"0308e37\" data-element_type=\"widget\" data-widget_type=\"image.default\">\n\t\t\t\t<div class=\"elementor-widget-container\">\n\t\t\t\t\t\t\t\t\t\t\t\t\t\t\t<img loading=\"lazy\" decoding=\"async\" width=\"978\" height=\"978\" src=\"https:\/\/www.cimtalca.cl\/wp-content\/uploads\/2025\/11\/Equipo_1-1024x1024.jpeg\" class=\"attachment-large size-large wp-image-2401\" alt=\"\" srcset=\"https:\/\/www.cimtalca.cl\/wp-content\/uploads\/2025\/11\/Equipo_1-1024x1024.jpeg 1024w, https:\/\/www.cimtalca.cl\/wp-content\/uploads\/2025\/11\/Equipo_1-300x300.jpeg 300w, https:\/\/www.cimtalca.cl\/wp-content\/uploads\/2025\/11\/Equipo_1-150x150.jpeg 150w, https:\/\/www.cimtalca.cl\/wp-content\/uploads\/2025\/11\/Equipo_1-768x768.jpeg 768w, https:\/\/www.cimtalca.cl\/wp-content\/uploads\/2025\/11\/Equipo_1-270x270.jpeg 270w, https:\/\/www.cimtalca.cl\/wp-content\/uploads\/2025\/11\/Equipo_1-230x230.jpeg 230w, https:\/\/www.cimtalca.cl\/wp-content\/uploads\/2025\/11\/Equipo_1.jpeg 1280w\" sizes=\"(max-width: 978px) 100vw, 978px\" \/>\t\t\t\t\t\t\t\t\t\t\t\t\t\t\t<\/div>\n\t\t\t\t<\/div>\n\t\t\t\t<\/div>\n\t\t<div class=\"elementor-element elementor-element-25c5058 e-con-full e-flex e-con e-child\" data-id=\"25c5058\" data-element_type=\"container\">\n\t\t\t\t<div class=\"elementor-element elementor-element-6d3c5d8 elementor-widget elementor-widget-image\" data-id=\"6d3c5d8\" data-element_type=\"widget\" data-widget_type=\"image.default\">\n\t\t\t\t<div class=\"elementor-widget-container\">\n\t\t\t\t\t\t\t\t\t\t\t\t\t\t\t<img loading=\"lazy\" decoding=\"async\" width=\"978\" height=\"978\" src=\"https:\/\/www.cimtalca.cl\/wp-content\/uploads\/2025\/11\/Equipo_2-1024x1024.jpeg\" class=\"attachment-large size-large wp-image-2402\" alt=\"\" srcset=\"https:\/\/www.cimtalca.cl\/wp-content\/uploads\/2025\/11\/Equipo_2-1024x1024.jpeg 1024w, https:\/\/www.cimtalca.cl\/wp-content\/uploads\/2025\/11\/Equipo_2-300x300.jpeg 300w, https:\/\/www.cimtalca.cl\/wp-content\/uploads\/2025\/11\/Equipo_2-150x150.jpeg 150w, https:\/\/www.cimtalca.cl\/wp-content\/uploads\/2025\/11\/Equipo_2-768x768.jpeg 768w, https:\/\/www.cimtalca.cl\/wp-content\/uploads\/2025\/11\/Equipo_2-270x270.jpeg 270w, https:\/\/www.cimtalca.cl\/wp-content\/uploads\/2025\/11\/Equipo_2-230x230.jpeg 230w, https:\/\/www.cimtalca.cl\/wp-content\/uploads\/2025\/11\/Equipo_2.jpeg 1280w\" sizes=\"(max-width: 978px) 100vw, 978px\" \/>\t\t\t\t\t\t\t\t\t\t\t\t\t\t\t<\/div>\n\t\t\t\t<\/div>\n\t\t\t\t<\/div>\n\t\t\t\t\t<\/div>\n\t\t\t\t<\/div>\n\t\t<div class=\"elementor-element elementor-element-3626121 e-flex e-con-boxed e-con e-parent\" data-id=\"3626121\" data-element_type=\"container\">\n\t\t\t\t\t<div class=\"e-con-inner\">\n\t\t<div class=\"elementor-element elementor-element-80d1187 e-con-full e-flex e-con e-child\" data-id=\"80d1187\" data-element_type=\"container\">\n\t\t\t\t<div class=\"elementor-element elementor-element-d96bb8d elementor-widget__width-initial elementor-widget elementor-widget-image\" data-id=\"d96bb8d\" data-element_type=\"widget\" data-widget_type=\"image.default\">\n\t\t\t\t<div class=\"elementor-widget-container\">\n\t\t\t\t\t\t\t\t\t\t\t\t\t\t\t<img loading=\"lazy\" decoding=\"async\" width=\"1280\" height=\"990\" src=\"https:\/\/www.cimtalca.cl\/wp-content\/uploads\/2025\/11\/WhatsApp-Image-2025-11-11-at-6.06.13-PM-3.jpeg\" class=\"attachment-full size-full wp-image-2411\" alt=\"\" srcset=\"https:\/\/www.cimtalca.cl\/wp-content\/uploads\/2025\/11\/WhatsApp-Image-2025-11-11-at-6.06.13-PM-3.jpeg 1280w, https:\/\/www.cimtalca.cl\/wp-content\/uploads\/2025\/11\/WhatsApp-Image-2025-11-11-at-6.06.13-PM-3-300x232.jpeg 300w, https:\/\/www.cimtalca.cl\/wp-content\/uploads\/2025\/11\/WhatsApp-Image-2025-11-11-at-6.06.13-PM-3-1024x792.jpeg 1024w, https:\/\/www.cimtalca.cl\/wp-content\/uploads\/2025\/11\/WhatsApp-Image-2025-11-11-at-6.06.13-PM-3-150x116.jpeg 150w, https:\/\/www.cimtalca.cl\/wp-content\/uploads\/2025\/11\/WhatsApp-Image-2025-11-11-at-6.06.13-PM-3-768x594.jpeg 768w\" sizes=\"(max-width: 1280px) 100vw, 1280px\" \/>\t\t\t\t\t\t\t\t\t\t\t\t\t\t\t<\/div>\n\t\t\t\t<\/div>\n\t\t\t\t<\/div>\n\t\t<div class=\"elementor-element elementor-element-f717588 e-con-full e-flex e-con e-child\" data-id=\"f717588\" data-element_type=\"container\">\n\t\t\t\t<div class=\"elementor-element elementor-element-9459041 elementor-widget__width-initial elementor-widget elementor-widget-image\" data-id=\"9459041\" data-element_type=\"widget\" data-widget_type=\"image.default\">\n\t\t\t\t<div class=\"elementor-widget-container\">\n\t\t\t\t\t\t\t\t\t\t\t\t\t\t\t<img loading=\"lazy\" decoding=\"async\" width=\"1261\" height=\"1280\" src=\"https:\/\/www.cimtalca.cl\/wp-content\/uploads\/2025\/11\/WhatsApp-Image-2025-11-11-at-6.06.13-PM-4.jpeg\" class=\"attachment-full size-full wp-image-2412\" alt=\"\" srcset=\"https:\/\/www.cimtalca.cl\/wp-content\/uploads\/2025\/11\/WhatsApp-Image-2025-11-11-at-6.06.13-PM-4.jpeg 1261w, https:\/\/www.cimtalca.cl\/wp-content\/uploads\/2025\/11\/WhatsApp-Image-2025-11-11-at-6.06.13-PM-4-296x300.jpeg 296w, https:\/\/www.cimtalca.cl\/wp-content\/uploads\/2025\/11\/WhatsApp-Image-2025-11-11-at-6.06.13-PM-4-1009x1024.jpeg 1009w, https:\/\/www.cimtalca.cl\/wp-content\/uploads\/2025\/11\/WhatsApp-Image-2025-11-11-at-6.06.13-PM-4-148x150.jpeg 148w, https:\/\/www.cimtalca.cl\/wp-content\/uploads\/2025\/11\/WhatsApp-Image-2025-11-11-at-6.06.13-PM-4-768x780.jpeg 768w\" sizes=\"(max-width: 1261px) 100vw, 1261px\" \/>\t\t\t\t\t\t\t\t\t\t\t\t\t\t\t<\/div>\n\t\t\t\t<\/div>\n\t\t\t\t<\/div>\n\t\t\t\t\t<\/div>\n\t\t\t\t<\/div>\n\t\t\t\t<\/div>\n\t\t","protected":false},"excerpt":{"rendered":"<p>Nuestro compromiso con la investigaci\u00f3n m\u00e9dica Con m\u00e1s de 20 a\u00f1os de experiencia, nuestro centro realiza estudios cl\u00ednicos en diversas patolog\u00edas, impulsando el avance de la medicina y mejorando la calidad de vida de los pacientes a trav\u00e9s de la<\/p>\n","protected":false},"author":1,"featured_media":0,"parent":0,"menu_order":0,"comment_status":"closed","ping_status":"closed","template":"","meta":{"footnotes":""},"class_list":["post-1373","page","type-page","status-publish","hentry"],"yoast_head":"<!-- This site is optimized with the Yoast SEO plugin v26.2 - https:\/\/yoast.com\/wordpress\/plugins\/seo\/ -->\n<title>Cim Talca: Mejorando la Calidad de Vida - Centro de Investigaci\u00f3n del Maule %<\/title>\n<meta name=\"robots\" content=\"index, follow, max-snippet:-1, max-image-preview:large, max-video-preview:-1\" \/>\n<link rel=\"canonical\" href=\"https:\/\/www.cimtalca.cl\/\" \/>\n<meta property=\"og:locale\" content=\"es_ES\" \/>\n<meta property=\"og:type\" content=\"article\" \/>\n<meta property=\"og:title\" content=\"Cim Talca: Mejorando la Calidad de Vida - Centro de Investigaci\u00f3n del Maule %\" \/>\n<meta property=\"og:description\" content=\"Nuestro compromiso con la investigaci\u00f3n m\u00e9dica Con m\u00e1s de 20 a\u00f1os de experiencia, nuestro centro realiza estudios cl\u00ednicos en diversas patolog\u00edas, impulsando el avance de la medicina y mejorando la calidad de vida de los pacientes a trav\u00e9s de la\" \/>\n<meta property=\"og:url\" content=\"https:\/\/www.cimtalca.cl\/\" \/>\n<meta property=\"og:site_name\" content=\"Centro de Investigaci\u00f3n del Maule\" \/>\n<meta property=\"article:publisher\" content=\"https:\/\/www.facebook.com\/profile.php?id=100063657606037#\" \/>\n<meta property=\"article:modified_time\" content=\"2026-01-01T16:40:26+00:00\" \/>\n<meta property=\"og:image\" content=\"https:\/\/www.cimtalca.cl\/wp-content\/uploads\/2025\/11\/investigacion-medica-6.jpeg\" \/>\n\t<meta property=\"og:image:width\" content=\"1024\" \/>\n\t<meta property=\"og:image:height\" content=\"1024\" \/>\n\t<meta property=\"og:image:type\" content=\"image\/jpeg\" \/>\n<meta name=\"twitter:card\" content=\"summary_large_image\" \/>\n<meta name=\"twitter:label1\" content=\"Tiempo estimado de lectura\" \/>\n\t<meta name=\"twitter:data1\" content=\"3 minutos\" \/>\n<script type=\"application\/ld+json\" class=\"yoast-schema-graph\">{\"@context\":\"https:\/\/schema.org\",\"@graph\":[{\"@type\":\"WebPage\",\"@id\":\"https:\/\/www.cimtalca.cl\/\",\"url\":\"https:\/\/www.cimtalca.cl\/\",\"name\":\"Cim Talca: Mejorando la Calidad de Vida - Centro de Investigaci\u00f3n del Maule %\",\"isPartOf\":{\"@id\":\"https:\/\/www.cimtalca.cl\/#website\"},\"primaryImageOfPage\":{\"@id\":\"https:\/\/www.cimtalca.cl\/#primaryimage\"},\"image\":{\"@id\":\"https:\/\/www.cimtalca.cl\/#primaryimage\"},\"thumbnailUrl\":\"https:\/\/www.cimtalca.cl\/wp-content\/uploads\/2025\/11\/investigacion-medica-6.jpeg\",\"datePublished\":\"2025-10-30T13:06:06+00:00\",\"dateModified\":\"2026-01-01T16:40:26+00:00\",\"breadcrumb\":{\"@id\":\"https:\/\/www.cimtalca.cl\/#breadcrumb\"},\"inLanguage\":\"es-CL\",\"potentialAction\":[{\"@type\":\"ReadAction\",\"target\":[\"https:\/\/www.cimtalca.cl\/\"]}]},{\"@type\":\"ImageObject\",\"inLanguage\":\"es-CL\",\"@id\":\"https:\/\/www.cimtalca.cl\/#primaryimage\",\"url\":\"https:\/\/www.cimtalca.cl\/wp-content\/uploads\/2025\/11\/investigacion-medica-6.jpeg\",\"contentUrl\":\"https:\/\/www.cimtalca.cl\/wp-content\/uploads\/2025\/11\/investigacion-medica-6.jpeg\",\"width\":1024,\"height\":1024},{\"@type\":\"BreadcrumbList\",\"@id\":\"https:\/\/www.cimtalca.cl\/#breadcrumb\",\"itemListElement\":[{\"@type\":\"ListItem\",\"position\":1,\"name\":\"Portada\",\"item\":\"https:\/\/www.cimtalca.cl\/\"},{\"@type\":\"ListItem\",\"position\":2,\"name\":\"Inicio\"}]},{\"@type\":\"WebSite\",\"@id\":\"https:\/\/www.cimtalca.cl\/#website\",\"url\":\"https:\/\/www.cimtalca.cl\/\",\"name\":\"Centro Investigacion del Maule\",\"description\":\"Centro de investigaci\u00f3n estudios cl\u00ednicos \u00e1rea respiratoria, cardiol\u00f3gica, oncol\u00f3gica y otros \",\"publisher\":{\"@id\":\"https:\/\/www.cimtalca.cl\/#organization\"},\"potentialAction\":[{\"@type\":\"SearchAction\",\"target\":{\"@type\":\"EntryPoint\",\"urlTemplate\":\"https:\/\/www.cimtalca.cl\/?s={search_term_string}\"},\"query-input\":{\"@type\":\"PropertyValueSpecification\",\"valueRequired\":true,\"valueName\":\"search_term_string\"}}],\"inLanguage\":\"es-CL\"},{\"@type\":\"Organization\",\"@id\":\"https:\/\/www.cimtalca.cl\/#organization\",\"name\":\"Centro Investigacion del Maule\",\"url\":\"https:\/\/www.cimtalca.cl\/\",\"logo\":{\"@type\":\"ImageObject\",\"inLanguage\":\"es-CL\",\"@id\":\"https:\/\/www.cimtalca.cl\/#\/schema\/logo\/image\/\",\"url\":\"https:\/\/www.cimtalca.cl\/wp-content\/uploads\/2025\/10\/logo_150.jpg\",\"contentUrl\":\"https:\/\/www.cimtalca.cl\/wp-content\/uploads\/2025\/10\/logo_150.jpg\",\"width\":150,\"height\":129,\"caption\":\"Centro Investigacion del Maule\"},\"image\":{\"@id\":\"https:\/\/www.cimtalca.cl\/#\/schema\/logo\/image\/\"},\"sameAs\":[\"https:\/\/www.facebook.com\/profile.php?id=100063657606037#\",\"https:\/\/www.unensayoparami.org\/es\/sitios\/CIM\"]}]}<\/script>\n<!-- \/ Yoast SEO plugin. -->","yoast_head_json":{"title":"Cim Talca: Mejorando la Calidad de Vida - Centro de Investigaci\u00f3n del Maule %","robots":{"index":"index","follow":"follow","max-snippet":"max-snippet:-1","max-image-preview":"max-image-preview:large","max-video-preview":"max-video-preview:-1"},"canonical":"https:\/\/www.cimtalca.cl\/","og_locale":"es_ES","og_type":"article","og_title":"Cim Talca: Mejorando la Calidad de Vida - Centro de Investigaci\u00f3n del Maule %","og_description":"Nuestro compromiso con la investigaci\u00f3n m\u00e9dica Con m\u00e1s de 20 a\u00f1os de experiencia, nuestro centro realiza estudios cl\u00ednicos en diversas patolog\u00edas, impulsando el avance de la medicina y mejorando la calidad de vida de los pacientes a trav\u00e9s de la","og_url":"https:\/\/www.cimtalca.cl\/","og_site_name":"Centro de Investigaci\u00f3n del Maule","article_publisher":"https:\/\/www.facebook.com\/profile.php?id=100063657606037#","article_modified_time":"2026-01-01T16:40:26+00:00","og_image":[{"width":1024,"height":1024,"url":"https:\/\/www.cimtalca.cl\/wp-content\/uploads\/2025\/11\/investigacion-medica-6.jpeg","type":"image\/jpeg"}],"twitter_card":"summary_large_image","twitter_misc":{"Tiempo estimado de lectura":"3 minutos"},"schema":{"@context":"https:\/\/schema.org","@graph":[{"@type":"WebPage","@id":"https:\/\/www.cimtalca.cl\/","url":"https:\/\/www.cimtalca.cl\/","name":"Cim Talca: Mejorando la Calidad de Vida - Centro de Investigaci\u00f3n del Maule %","isPartOf":{"@id":"https:\/\/www.cimtalca.cl\/#website"},"primaryImageOfPage":{"@id":"https:\/\/www.cimtalca.cl\/#primaryimage"},"image":{"@id":"https:\/\/www.cimtalca.cl\/#primaryimage"},"thumbnailUrl":"https:\/\/www.cimtalca.cl\/wp-content\/uploads\/2025\/11\/investigacion-medica-6.jpeg","datePublished":"2025-10-30T13:06:06+00:00","dateModified":"2026-01-01T16:40:26+00:00","breadcrumb":{"@id":"https:\/\/www.cimtalca.cl\/#breadcrumb"},"inLanguage":"es-CL","potentialAction":[{"@type":"ReadAction","target":["https:\/\/www.cimtalca.cl\/"]}]},{"@type":"ImageObject","inLanguage":"es-CL","@id":"https:\/\/www.cimtalca.cl\/#primaryimage","url":"https:\/\/www.cimtalca.cl\/wp-content\/uploads\/2025\/11\/investigacion-medica-6.jpeg","contentUrl":"https:\/\/www.cimtalca.cl\/wp-content\/uploads\/2025\/11\/investigacion-medica-6.jpeg","width":1024,"height":1024},{"@type":"BreadcrumbList","@id":"https:\/\/www.cimtalca.cl\/#breadcrumb","itemListElement":[{"@type":"ListItem","position":1,"name":"Portada","item":"https:\/\/www.cimtalca.cl\/"},{"@type":"ListItem","position":2,"name":"Inicio"}]},{"@type":"WebSite","@id":"https:\/\/www.cimtalca.cl\/#website","url":"https:\/\/www.cimtalca.cl\/","name":"Centro Investigacion del Maule","description":"Centro de investigaci\u00f3n estudios cl\u00ednicos \u00e1rea respiratoria, cardiol\u00f3gica, oncol\u00f3gica y otros ","publisher":{"@id":"https:\/\/www.cimtalca.cl\/#organization"},"potentialAction":[{"@type":"SearchAction","target":{"@type":"EntryPoint","urlTemplate":"https:\/\/www.cimtalca.cl\/?s={search_term_string}"},"query-input":{"@type":"PropertyValueSpecification","valueRequired":true,"valueName":"search_term_string"}}],"inLanguage":"es-CL"},{"@type":"Organization","@id":"https:\/\/www.cimtalca.cl\/#organization","name":"Centro Investigacion del Maule","url":"https:\/\/www.cimtalca.cl\/","logo":{"@type":"ImageObject","inLanguage":"es-CL","@id":"https:\/\/www.cimtalca.cl\/#\/schema\/logo\/image\/","url":"https:\/\/www.cimtalca.cl\/wp-content\/uploads\/2025\/10\/logo_150.jpg","contentUrl":"https:\/\/www.cimtalca.cl\/wp-content\/uploads\/2025\/10\/logo_150.jpg","width":150,"height":129,"caption":"Centro Investigacion del Maule"},"image":{"@id":"https:\/\/www.cimtalca.cl\/#\/schema\/logo\/image\/"},"sameAs":["https:\/\/www.facebook.com\/profile.php?id=100063657606037#","https:\/\/www.unensayoparami.org\/es\/sitios\/CIM"]}]}},"_links":{"self":[{"href":"https:\/\/www.cimtalca.cl\/index.php?rest_route=\/wp\/v2\/pages\/1373","targetHints":{"allow":["GET"]}}],"collection":[{"href":"https:\/\/www.cimtalca.cl\/index.php?rest_route=\/wp\/v2\/pages"}],"about":[{"href":"https:\/\/www.cimtalca.cl\/index.php?rest_route=\/wp\/v2\/types\/page"}],"author":[{"embeddable":true,"href":"https:\/\/www.cimtalca.cl\/index.php?rest_route=\/wp\/v2\/users\/1"}],"replies":[{"embeddable":true,"href":"https:\/\/www.cimtalca.cl\/index.php?rest_route=%2Fwp%2Fv2%2Fcomments&post=1373"}],"version-history":[{"count":72,"href":"https:\/\/www.cimtalca.cl\/index.php?rest_route=\/wp\/v2\/pages\/1373\/revisions"}],"predecessor-version":[{"id":2540,"href":"https:\/\/www.cimtalca.cl\/index.php?rest_route=\/wp\/v2\/pages\/1373\/revisions\/2540"}],"wp:attachment":[{"href":"https:\/\/www.cimtalca.cl\/index.php?rest_route=%2Fwp%2Fv2%2Fmedia&parent=1373"}],"curies":[{"name":"wp","href":"https:\/\/api.w.org\/{rel}","templated":true}]}}